{"id":3139,"date":"2025-04-08T20:36:37","date_gmt":"2025-04-08T12:36:37","guid":{"rendered":"https:\/\/feigiftgard.com\/?post_type=product&#038;p=3139"},"modified":"2025-04-23T17:11:14","modified_gmt":"2025-04-23T09:11:14","slug":"regulator-300-series","status":"publish","type":"product","link":"https:\/\/feigiftgard.com\/pt\/produto\/regulator-300-series\/","title":{"rendered":"Regulador S\u00e9rie 300"},"content":{"rendered":"<p><img fetchpriority=\"high\" decoding=\"async\" class=\"alignnone wp-image-2023\" src=\"http:\/\/feigiftgard.com\/wp-content\/uploads\/2024\/05\/Spe-9-300x107.png\" alt=\"\" width=\"1152\" height=\"411\" srcset=\"https:\/\/feigiftgard.com\/wp-content\/uploads\/2024\/05\/Spe-9-300x107.png 300w, https:\/\/feigiftgard.com\/wp-content\/uploads\/2024\/05\/Spe-9-1024x365.png 1024w, https:\/\/feigiftgard.com\/wp-content\/uploads\/2024\/05\/Spe-9-768x274.png 768w, https:\/\/feigiftgard.com\/wp-content\/uploads\/2024\/05\/Spe-9-18x6.png 18w, https:\/\/feigiftgard.com\/wp-content\/uploads\/2024\/05\/Spe-9.png 1299w\" sizes=\"(max-width: 1152px) 100vw, 1152px\" \/><\/p>\n<p><b>Materiais <\/b><\/p>\n<p><img decoding=\"async\" class=\"alignnone wp-image-2024\" src=\"http:\/\/feigiftgard.com\/wp-content\/uploads\/2024\/05\/Material-18-300x128.png\" alt=\"\" width=\"1130\" height=\"482\" srcset=\"https:\/\/feigiftgard.com\/wp-content\/uploads\/2024\/05\/Material-18-300x128.png 300w, https:\/\/feigiftgard.com\/wp-content\/uploads\/2024\/05\/Material-18-1024x436.png 1024w, https:\/\/feigiftgard.com\/wp-content\/uploads\/2024\/05\/Material-18-768x327.png 768w, https:\/\/feigiftgard.com\/wp-content\/uploads\/2024\/05\/Material-18-18x8.png 18w, https:\/\/feigiftgard.com\/wp-content\/uploads\/2024\/05\/Material-18.png 1306w\" sizes=\"(max-width: 1130px) 100vw, 1130px\" \/><\/p>\n<p>&nbsp;<\/p>\n<p><b>Curvas de fluxo<\/b><\/p>\n<p><img decoding=\"async\" class=\"alignnone wp-image-2025\" src=\"http:\/\/feigiftgard.com\/wp-content\/uploads\/2024\/05\/Flow-4-300x173.png\" alt=\"\" width=\"1143\" height=\"659\" srcset=\"https:\/\/feigiftgard.com\/wp-content\/uploads\/2024\/05\/Flow-4-300x173.png 300w, https:\/\/feigiftgard.com\/wp-content\/uploads\/2024\/05\/Flow-4-768x443.png 768w, https:\/\/feigiftgard.com\/wp-content\/uploads\/2024\/05\/Flow-4-18x10.png 18w, https:\/\/feigiftgard.com\/wp-content\/uploads\/2024\/05\/Flow-4.png 859w\" sizes=\"(max-width: 1143px) 100vw, 1143px\" \/><\/p>\n<p>&nbsp;<\/p>\n<p><b>Portabilidade <\/b><b>Configura\u00e7\u00f5es<\/b><\/p>\n<p><img loading=\"lazy\" decoding=\"async\" class=\"alignnone wp-image-2026\" src=\"http:\/\/feigiftgard.com\/wp-content\/uploads\/2024\/05\/Porting-2-300x212.png\" alt=\"\" width=\"1124\" height=\"794\" srcset=\"https:\/\/feigiftgard.com\/wp-content\/uploads\/2024\/05\/Porting-2-300x212.png 300w, https:\/\/feigiftgard.com\/wp-content\/uploads\/2024\/05\/Porting-2-768x543.png 768w, https:\/\/feigiftgard.com\/wp-content\/uploads\/2024\/05\/Porting-2-18x12.png 18w, https:\/\/feigiftgard.com\/wp-content\/uploads\/2024\/05\/Porting-2.png 811w\" sizes=\"(max-width: 1124px) 100vw, 1124px\" \/><\/p>\n<p>&nbsp;<\/p>\n<p>&nbsp;<\/p>\n<p>&nbsp;<\/p>\n<p><b>Informa\u00e7\u00f5es para encomenda<\/b><\/p>\n<p><img loading=\"lazy\" decoding=\"async\" class=\"alignnone wp-image-2027\" src=\"http:\/\/feigiftgard.com\/wp-content\/uploads\/2024\/05\/Order-info-17-300x117.png\" alt=\"\" width=\"1179\" height=\"460\" srcset=\"https:\/\/feigiftgard.com\/wp-content\/uploads\/2024\/05\/Order-info-17-300x117.png 300w, https:\/\/feigiftgard.com\/wp-content\/uploads\/2024\/05\/Order-info-17-768x299.png 768w, https:\/\/feigiftgard.com\/wp-content\/uploads\/2024\/05\/Order-info-17-18x7.png 18w\" sizes=\"(max-width: 1179px) 100vw, 1179px\" \/><\/p>","protected":false},"excerpt":{"rendered":"<ul class=\"SecBullet\">\n<li>Corpo:SS316L (fus\u00e3o simples \/ fus\u00e3o dupla)<\/li>\n<li>Assento:PFA<\/li>\n<li>Press\u00e3o de entrada nominal m\u00e1x. Press\u00e3o nominal de entrada: 500 psig (34,4 bar)<\/li>\n<li>Valor Cv: 1,0<\/li>\n<li>Temperatura de funcionamento\uff1a<\/li>\n<\/ul>\n<p style=\"padding-left: 40px;\">PFA\uff1a-26 \u2103 ~ 74 \u2103<\/p>\n<ul class=\"SecBullet\">\n<li>Gamas de press\u00e3o de sa\u00edda <span style=\"font-size: 16px;\">:<\/span><\/li>\n<\/ul>\n<p style=\"padding-left: 40px;\">1 ~ 25 psig (1,7 bar)<\/p>\n<p style=\"padding-left: 40px;\">1 ~ 50 psig (3,4 bar)<\/p>\n<p style=\"padding-left: 40px;\">1 ~ 100 psig (6,9 bar)<\/p>\n<p style=\"padding-left: 40px;\">1 ~ 150 psig (10,3 bar)<\/p>\n<ul class=\"SecBullet\">\n<li>Liga\u00e7\u00e3o:MV\/FV\/LOK\/BW\/NP<\/li>\n<\/ul>","protected":false},"featured_media":2345,"comment_status":"closed","ping_status":"closed","template":"","meta":{"site-sidebar-layout":"default","site-content-layout":"default","ast-site-content-layout":"normal-width-container","site-content-style":"boxed","site-sidebar-style":"unboxed","ast-global-header-display":"","ast-banner-title-visibility":"","ast-main-header-display":"","ast-hfb-above-header-display":"","ast-hfb-below-header-display":"","ast-hfb-mobile-header-display":"","site-post-title":"","ast-breadcrumbs-content":"","ast-featured-img":"","footer-sml-layout":"","theme-transparent-header-meta":"default","adv-header-id-meta":"","stick-header-meta":"","header-above-stick-meta":"","header-main-stick-meta":"","header-below-stick-meta":"","astra-migrate-meta-layouts":"set","ast-page-background-enabled":"default","ast-page-background-meta":{"desktop":{"background-color":"var(--ast-global-color-4)","background-image":"","background-repeat":"repeat","background-position":"center center","background-size":"auto","background-attachment":"scroll","background-type":"","background-media":"","overlay-type":"","overlay-color":"","overlay-gradient":""},"tablet":{"background-color":"","background-image":"","background-repeat":"repeat","background-position":"center center","background-size":"auto","background-attachment":"scroll","background-type":"","background-media":"","overlay-type":"","overlay-color":"","overlay-gradient":""},"mobile":{"background-color":"","background-image":"","background-repeat":"repeat","background-position":"center center","background-size":"auto","background-attachment":"scroll","background-type":"","background-media":"","overlay-type":"","overlay-color":"","overlay-gradient":""}},"ast-content-background-meta":{"desktop":{"background-color":"var(--ast-global-color-5)","background-image":"","background-repeat":"repeat","background-position":"center center","background-size":"auto","background-attachment":"scroll","background-type":"","background-media":"","overlay-type":"","overlay-color":"","overlay-gradient":""},"tablet":{"background-color":"var(--ast-global-color-5)","background-image":"","background-repeat":"repeat","background-position":"center center","background-size":"auto","background-attachment":"scroll","background-type":"","background-media":"","overlay-type":"","overlay-color":"","overlay-gradient":""},"mobile":{"background-color":"var(--ast-global-color-5)","background-image":"","background-repeat":"repeat","background-position":"center center","background-size":"auto","background-attachment":"scroll","background-type":"","background-media":"","overlay-type":"","overlay-color":"","overlay-gradient":""}}},"product_cat":[21,64],"product_tag":[],"class_list":{"0":"post-3139","1":"product","2":"type-product","3":"status-publish","4":"has-post-thumbnail","6":"product_cat-valves","7":"product_cat-regulator-valves","8":"desktop-align-left","9":"tablet-align-left","10":"mobile-align-left","12":"first","13":"instock","14":"shipping-taxable","15":"purchasable","16":"product-type-simple"},"_links":{"self":[{"href":"https:\/\/feigiftgard.com\/pt\/wp-json\/wp\/v2\/product\/3139","targetHints":{"allow":["GET"]}}],"collection":[{"href":"https:\/\/feigiftgard.com\/pt\/wp-json\/wp\/v2\/product"}],"about":[{"href":"https:\/\/feigiftgard.com\/pt\/wp-json\/wp\/v2\/types\/product"}],"replies":[{"embeddable":true,"href":"https:\/\/feigiftgard.com\/pt\/wp-json\/wp\/v2\/comments?post=3139"}],"wp:featuredmedia":[{"embeddable":true,"href":"https:\/\/feigiftgard.com\/pt\/wp-json\/wp\/v2\/media\/2345"}],"wp:attachment":[{"href":"https:\/\/feigiftgard.com\/pt\/wp-json\/wp\/v2\/media?parent=3139"}],"wp:term":[{"taxonomy":"product_cat","embeddable":true,"href":"https:\/\/feigiftgard.com\/pt\/wp-json\/wp\/v2\/product_cat?post=3139"},{"taxonomy":"product_tag","embeddable":true,"href":"https:\/\/feigiftgard.com\/pt\/wp-json\/wp\/v2\/product_tag?post=3139"}],"curies":[{"name":"wp","href":"https:\/\/api.w.org\/{rel}","templated":true}]}}